{"id":212,"date":"2013-06-10T15:06:51","date_gmt":"2013-06-10T13:06:51","guid":{"rendered":"http:\/\/127.0.0.1\/Prove\/wordpress\/?page_id=212"},"modified":"2013-06-10T15:06:52","modified_gmt":"2013-06-10T13:06:52","slug":"il-linguaggio-del-corpo","status":"publish","type":"page","link":"http:\/\/www.interstylesd.com\/?page_id=212","title":{"rendered":"Il linguaggio del corpo"},"content":{"rendered":"<p>Il linguaggio del corpo trasmette pi\u00f9 di quanto non trasmetta il linguaggio delle labbra, ci\u00f2 che veramente \u00e8 essenziale lo\u201c<strong>sentiamo<\/strong>\u201d con gli occhi.<\/p>\n<p><strong>Albert Mehrabian<\/strong>antropologo, scopr\u00ec che solo il 7% di tutte le informazioni che ci arrivano da un discorso, viene ottenuto attraverso le parole, il 38% dal tono della voce e il 55% dal linguaggio del corpo.<\/p>\n<p>Ci\u00f2 che arriva tramite il \u201c<strong>canale verbale<\/strong>\u201d, sono essenzialmente i fatti salienti. Tramite il \u201c<strong>canale non verbale<\/strong>\u201d viene poi trasmesso quello che in definitiva lascia traccia: i suoni intermedi, le posizioni, l\u2019atmosfera, in altre parole i sentimenti veri.<\/p>\n<p>Le nostre mani, braccia e gambe esprimono altrettanto quanto la nostra lingua.<br \/>\nIl linguaggio del corpo possiede una propria grammatica ed una propria interpunzione.<\/p>\n<p>Ogni gesto corrisponde ad una parola. Ma i gesti vanno presi nell\u2019insieme se vogliamo capire la verit\u00e0 che si nasconde dietro le parole e non concentrarsi su un\u2019unica parola. Infatti come succede per il linguaggio parlato se di un discorso ne ascoltiamo solo una parte o ne omettiamo solo una parola dall\u2019insieme, questo pu\u00f2 assumere un significato totalmente diverso.<\/p>\n<p>Alcuni repertori del linguaggio del corpo, detto anche \u201c<strong>non verbale<\/strong>\u201d, ci sono innati fin dai tempi della culla, mentre altri li acquisiamo durante la crescita.<br \/>\n<img loading=\"lazy\" alt=\"\" src=\"http:\/\/www.interstylesd.com\/linguaggio_corpo_clip_image002.jpg\" width=\"204\" height=\"126\" \/><br clear=\"ALL\" \/><\/p>\n<p>I ricercatori americani\u00a0<strong>Friesen\u00a0<\/strong>e<strong>Soreson<\/strong>, hanno osservato le mani di uomini di cinque culture e cinque continenti diversi e sono giunti ad un risultato sorprendente: dappertutto esistono gli stessi gesti base, la stessa mimica. Non solo tra civilt\u00e0 evolute ma anche tra gli aborigeni d\u2019Australia ed Esquimesi, Indiani d\u2019America ed Africani, civilt\u00e0 che non hanno mai avuto la possibilit\u00e0 d\u2019incontrarsi.<\/p>\n<p><img loading=\"lazy\" alt=\"\" src=\"http:\/\/www.interstylesd.com\/linguaggio_corpo_clip_image002_0000.jpg\" width=\"240\" height=\"179\" \/><\/p>\n<p><br clear=\"ALL\" \/>Il nostro linguaggio \u00e8 cambiato radicalmente nel corso del suo uso millenario. Nei nostri gesti per\u00f2 siamo rimasti fedeli. Essi sono un\u2019eredita delle origini dell\u2019umanit\u00e0. Naturalmente la\u00a0\u00a0\u00a0\u00a0\u00a0\u00a0\u00a0\u00a0\u00a0\u00a0\u00a0\u00a0\u00a0 conoscenza del linguaggio richiede uno studio approfondito e molta pratica e solo gli studiosi di questa tecnica ne comprendono ogni gesto, fino nelle pi\u00f9 recondite sfumature.<\/p>\n<p>A noi ci\u00f2 che interessa, sono i gesti di base. Alleniamoci ad osservare le persone mentre ci parlano, dalla loro gestualit\u00e0 riusciremo a percepire se ci\u00f2 che ci stanno dicendo \u00e8 in realt\u00e0 ci\u00f2 che pensano.<\/p>\n<p>Se le mani hanno il palmo aperto verso di voi, significa che il vostro interlocutore, non vuole nascondere niente e vuole parlarvi apertamente, quindi ci\u00f2 che dice \u00e8 ci\u00f2 che pensa. A tutti gli effetti, ci si pu\u00f2 fidare.<br \/>\nAgiamo di conseguenza. Pur non essendo coscientemente consapevoli del significato del linguaggio del corpo, essi vengono recepiti inconsciamente. La postura che noi assumiamo con le mani nella \u201c<strong>difesa da coltello<\/strong>\u201d, si basa su questo principio, trasmettendo un segnale che il nostro aggressore deve interpretare come un segno di assoluta remissivit\u00e0. Questo ci d\u00e0 un vantaggio sulla reazione , ma dobbiamo essere convincenti, perch\u00e9 \u00e8 possibile manipolare il linguaggio del corpo ma solo per poco.<br \/>\nLa difficolt\u00e0 di dire bugie sta nel fatto che il nostro inconscio non pu\u00f2 essere costretto cos\u00ec semplicemente. Si libera continuamente ed agisce automaticamente.<\/p>\n<p>Riusciamo con un po\u2019 di allenamento ad educare il corpo a sopprimere, solo in parte, quei gesti molto ampi che tradiscono e distruggono ci\u00f2 che faticosamente viene costruito a parole. I micro movimenti per\u00f2 non si lasciano controllare cos\u00ec facilmente, quindi fate in modo di essere convincenti.<\/p>\n","protected":false},"excerpt":{"rendered":"<p>Il linguaggio del corpo trasmette pi\u00f9 di quanto non trasmetta il linguaggio delle labbra, ci\u00f2 che veramente \u00e8 essenziale lo\u201csentiamo\u201d con gli occhi. Albert Mehrabianantropologo, scopr\u00ec che solo il 7% di tutte le informazioni che ci arrivano da un discorso, viene ottenuto attraverso le parole, il 38% dal tono della voce e il 55% dal [&hellip;]<\/p>\n","protected":false},"author":1,"featured_media":0,"parent":0,"menu_order":0,"comment_status":"open","ping_status":"open","template":"","meta":[],"_links":{"self":[{"href":"http:\/\/www.interstylesd.com\/index.php?rest_route=\/wp\/v2\/pages\/212"}],"collection":[{"href":"http:\/\/www.interstylesd.com\/index.php?rest_route=\/wp\/v2\/pages"}],"about":[{"href":"http:\/\/www.interstylesd.com\/index.php?rest_route=\/wp\/v2\/types\/page"}],"author":[{"embeddable":true,"href":"http:\/\/www.interstylesd.com\/index.php?rest_route=\/wp\/v2\/users\/1"}],"replies":[{"embeddable":true,"href":"http:\/\/www.interstylesd.com\/index.php?rest_route=%2Fwp%2Fv2%2Fcomments&post=212"}],"version-history":[{"count":1,"href":"http:\/\/www.interstylesd.com\/index.php?rest_route=\/wp\/v2\/pages\/212\/revisions"}],"predecessor-version":[{"id":213,"href":"http:\/\/www.interstylesd.com\/index.php?rest_route=\/wp\/v2\/pages\/212\/revisions\/213"}],"wp:attachment":[{"href":"http:\/\/www.interstylesd.com\/index.php?rest_route=%2Fwp%2Fv2%2Fmedia&parent=212"}],"curies":[{"name":"wp","href":"https:\/\/api.w.org\/{rel}","templated":true}]}}